{"id":2300,"date":"2024-11-03T05:56:19","date_gmt":"2024-11-03T05:56:19","guid":{"rendered":"https:\/\/redseavoy.com\/?page_id=2300"},"modified":"2024-11-05T04:37:13","modified_gmt":"2024-11-05T04:37:13","slug":"facebook","status":"publish","type":"page","link":"https:\/\/redseavoy.com\/ro\/facebook\/","title":{"rendered":"Facebook"},"content":{"rendered":"<div data-elementor-type=\"wp-page\" data-elementor-id=\"2300\" class=\"elementor elementor-2300\" data-elementor-post-type=\"page\">\n\t\t\t\t<div class=\"elementor-element elementor-element-c01e6e4 e-flex e-con-boxed e-con e-parent\" data-id=\"c01e6e4\" data-element_type=\"container\">\n\t\t\t\t\t<div class=\"e-con-inner\">\n\t\t\t\t<div class=\"elementor-element elementor-element-79b1c92e elementor-widget elementor-widget-text-editor\" data-id=\"79b1c92e\" data-element_type=\"widget\" data-widget_type=\"text-editor.default\">\n\t\t\t\t<div class=\"elementor-widget-container\">\n\t\t\t\t\t\t\t\t\t\t\t\t\t\t\t\t\t<\/div>\n\t\t\t\t<\/div>\n\t\t\t\t\t<\/div>\n\t\t\t\t<\/div>\n\t\t<div class=\"elementor-element elementor-element-2e047ab e-flex e-con-boxed e-con e-parent\" data-id=\"2e047ab\" data-element_type=\"container\">\n\t\t\t\t\t<div class=\"e-con-inner\">\n\t\t\t\t<div class=\"elementor-element elementor-element-ab5db3f elementor-headline--style-highlight elementor-widget elementor-widget-animated-headline\" data-id=\"ab5db3f\" data-element_type=\"widget\" data-settings=\"{&quot;highlighted_text&quot;:&quot; language&quot;,&quot;headline_style&quot;:&quot;highlight&quot;,&quot;marker&quot;:&quot;circle&quot;,&quot;loop&quot;:&quot;yes&quot;,&quot;highlight_animation_duration&quot;:1200,&quot;highlight_iteration_delay&quot;:8000}\" data-widget_type=\"animated-headline.default\">\n\t\t\t\t<div class=\"elementor-widget-container\">\n\t\t\t\t\t\t\t<h3 class=\"elementor-headline\">\n\t\t\t\t\t<span class=\"elementor-headline-plain-text elementor-headline-text-wrapper\">selecta\u021bi limba preferat\u0103 <\/span>\n\t\t\t\t<span class=\"elementor-headline-dynamic-wrapper elementor-headline-text-wrapper\">\n\t\t\t\t\t<span class=\"elementor-headline-dynamic-text elementor-headline-text-active\"> pentru<\/span>\n\t\t\t\t<\/span>\n\t\t\t\t\t<span class=\"elementor-headline-plain-text elementor-headline-text-wrapper\">a vizualiza profilul nostru de Facebook<\/span>\n\t\t\t\t\t<\/h3>\n\t\t\t\t\t\t<\/div>\n\t\t\t\t<\/div>\n\t\t\t\t\t<\/div>\n\t\t\t\t<\/div>\n\t\t<div class=\"elementor-element elementor-element-7a41dce e-grid e-con-boxed e-con e-parent\" data-id=\"7a41dce\" data-element_type=\"container\">\n\t\t\t\t\t<div class=\"e-con-inner\">\n\t\t\t\t<div class=\"elementor-element elementor-element-41be873 elementor-widget elementor-widget-link-in-bio-var-7\" data-id=\"41be873\" data-element_type=\"widget\" data-widget_type=\"link-in-bio-var-7.default\">\n\t\t\t\t<div class=\"elementor-widget-container\">\n\t\t\t\t\t\t\t<div class=\"e-link-in-bio e-link-in-bio-var-7\">\n\t\t\t<div class=\"e-link-in-bio__content\">\n\n\t\t\t\t\t\t<div class=\"e-link-in-bio__identity\">\n\t\t\t\t\t\t\t\t\t<div class=\"e-link-in-bio__identity-image e-link-in-bio__identity-image-cover\">\n\t\t\t\t\t\t\t<img fetchpriority=\"high\" decoding=\"async\" width=\"800\" height=\"400\" src=\"https:\/\/redseavoy.com\/wp-content\/uploads\/2024\/11\/Hurghada-vylety-800x400.jpg\" class=\"e-link-in-bio__identity-image-element\" alt=\"\" srcset=\"https:\/\/redseavoy.com\/wp-content\/uploads\/2024\/11\/Hurghada-vylety-800x400.jpg 800w, https:\/\/redseavoy.com\/wp-content\/uploads\/2024\/11\/Hurghada-vylety-768x383.jpg 768w, https:\/\/redseavoy.com\/wp-content\/uploads\/2024\/11\/Hurghada-vylety-18x9.jpg 18w, https:\/\/redseavoy.com\/wp-content\/uploads\/2024\/11\/Hurghada-vylety-600x299.jpg 600w, https:\/\/redseavoy.com\/wp-content\/uploads\/2024\/11\/Hurghada-vylety.jpg 960w\" sizes=\"(max-width: 800px) 100vw, 800px\" title=\"\">\t\t\t\t\t\t\t\t\t\t\t\t\t<\/div>\n\t\t\t\t\t\t\t\t\t\t\t<div class=\"e-link-in-bio__identity-image e-link-in-bio__identity-image-profile has-style-circle\">\n\t\t\t\t\t\t\t<img decoding=\"async\" width=\"400\" height=\"400\" data-src=\"https:\/\/redseavoy.com\/wp-content\/uploads\/2024\/11\/German_flag-400x400.png\" class=\"e-link-in-bio__identity-image-element lazyload\" alt=\"German_flag\" data-srcset=\"https:\/\/redseavoy.com\/wp-content\/uploads\/2024\/11\/German_flag-400x400.png 400w, https:\/\/redseavoy.com\/wp-content\/uploads\/2024\/11\/German_flag-280x280.png 280w, https:\/\/redseavoy.com\/wp-content\/uploads\/2024\/11\/German_flag-12x12.png 12w, https:\/\/redseavoy.com\/wp-content\/uploads\/2024\/11\/German_flag-300x300.png 300w, https:\/\/redseavoy.com\/wp-content\/uploads\/2024\/11\/German_flag-100x100.png 100w, https:\/\/redseavoy.com\/wp-content\/uploads\/2024\/11\/German_flag.png 500w\" data-sizes=\"(max-width: 400px) 100vw, 400px\" title=\"\" src=\"data:image\/gif;base64,R0lGODlhAQABAAAAACH5BAEKAAEALAAAAAABAAEAAAICTAEAOw==\" style=\"--smush-placeholder-width: 400px; --smush-placeholder-aspect-ratio: 400\/400;\"><noscript><img decoding=\"async\" width=\"400\" height=\"400\" src=\"https:\/\/redseavoy.com\/wp-content\/uploads\/2024\/11\/German_flag-400x400.png\" class=\"e-link-in-bio__identity-image-element\" alt=\"German_flag\" srcset=\"https:\/\/redseavoy.com\/wp-content\/uploads\/2024\/11\/German_flag-400x400.png 400w, https:\/\/redseavoy.com\/wp-content\/uploads\/2024\/11\/German_flag-280x280.png 280w, https:\/\/redseavoy.com\/wp-content\/uploads\/2024\/11\/German_flag-12x12.png 12w, https:\/\/redseavoy.com\/wp-content\/uploads\/2024\/11\/German_flag-300x300.png 300w, https:\/\/redseavoy.com\/wp-content\/uploads\/2024\/11\/German_flag-100x100.png 100w, https:\/\/redseavoy.com\/wp-content\/uploads\/2024\/11\/German_flag.png 500w\" sizes=\"(max-width: 400px) 100vw, 400px\" title=\"\"><\/noscript>\t\t\t\t\t\t\t\t\t\t\t\t\t<\/div>\n\t\t\t\t\t\t\t<\/div>\n\t\t\t\t\t<div class=\"e-link-in-bio__bio\">\n\t\t\t\t<h2 class=\"e-link-in-bio__heading\">Hurghadas beste touren<\/h2>\t\t\t\t\t\t\t\t\t\t\t\t\t\t\t<\/div>\n\t\t\t\t\t<div class=\"e-link-in-bio__icons has-size-small\">\n\t\t\t\t\t\t\t<div class=\"e-link-in-bio__icon is-size-small\">\n\t\t\t\t\t<a href=\"https:\/\/www.facebook.com\/profile.php?id=61568179203038&#038;mibextid=LQQJ4d\" target=\"_blank\" rel=\"noopener \" aria-label=\"Facebook\" class=\"e-link-in-bio__icon-link\">\n\t\t\t\t\t\t<span class=\"e-link-in-bio__icon-svg\">\n\t\t\t\t\t\t\t<svg aria-hidden=\"true\" class=\"e-font-icon-svg e-fab-facebook\" viewbox=\"0 0 512 512\" xmlns=\"http:\/\/www.w3.org\/2000\/svg\"><path d=\"M504 256C504 119 393 8 256 8S8 119 8 256c0 123.78 90.69 226.38 209.25 245V327.69h-63V256h63v-54.64c0-62.15 37-96.48 93.67-96.48 27.14 0 55.52 4.84 55.52 4.84v61h-31.28c-30.8 0-40.41 19.12-40.41 38.73V256h68.78l-11 71.69h-57.78V501C413.31 482.38 504 379.78 504 256z\"><\/path><\/svg>\t\t\t\t\t\t<\/span>\n\t\t\t\t\t\t\t\t\t\t\t\t\t<span class=\"e-link-in-bio__icon-label\">\n\t\t\t\t\t\t\t\tFacebook\t\t\t\t\t\t\t<\/span>\n\t\t\t\t\t\t\t\t\t\t\t<\/a>\n\t\t\t\t<\/div>\n\t\t\t\t\t<\/div>\n\t\t\n\t\t<div class=\"e-link-in-bio__ctas has-type-button\">\n\t\t\t\t\t\t\t<a href=\"https:\/\/www.facebook.com\/profile.php?id=61568179203038&#038;mibextid=LQQJ4d\" target=\"_blank\" rel=\"noopener \" class=\"e-link-in-bio__cta is-type-button has-corners-round\">\n\t\t\t\t\t\t\t\t\t\t<span class=\"e-link-in-bio__cta-text\">\n\t\t\t\t\t\tProfil ansehen\t\t\t\t\t<\/span>\n\t\t\t\t<\/a>\n\t\t\t\t\t<\/div>\n\t\t\t\t\t<div class=\"e-link-in-bio__bio e-link-in-bio__bio--footer\">\n\t\t\t\t\t\t\t\t<p class=\"e-link-in-bio__description\">Unvergessliche Hurghada Touren und Aktivit\u00e4ten<\/p>\t\t\t<\/div>\n\t\t\t\n\t\t\t<\/div>\n\t\t\t<div class=\"e-link-in-bio__bg\">\n\t\t\t\t<div class=\"e-link-in-bio__bg-overlay\"><\/div>\n\t\t\t<\/div>\n\t\t<\/div>\n\t\t\t\t\t\t<\/div>\n\t\t\t\t<\/div>\n\t\t\t\t<div class=\"elementor-element elementor-element-2880842 elementor-widget elementor-widget-link-in-bio-var-7\" data-id=\"2880842\" data-element_type=\"widget\" data-widget_type=\"link-in-bio-var-7.default\">\n\t\t\t\t<div class=\"elementor-widget-container\">\n\t\t\t\t\t\t\t<div class=\"e-link-in-bio e-link-in-bio-var-7\">\n\t\t\t<div class=\"e-link-in-bio__content\">\n\n\t\t\t\t\t\t<div class=\"e-link-in-bio__identity\">\n\t\t\t\t\t\t\t\t\t<div class=\"e-link-in-bio__identity-image e-link-in-bio__identity-image-cover\">\n\t\t\t\t\t\t\t<img decoding=\"async\" width=\"494\" height=\"400\" data-src=\"https:\/\/redseavoy.com\/wp-content\/uploads\/2024\/11\/wycieczki_w_hurghada-494x400.jpg\" class=\"e-link-in-bio__identity-image-element lazyload\" alt=\"\" data-srcset=\"https:\/\/redseavoy.com\/wp-content\/uploads\/2024\/11\/wycieczki_w_hurghada-494x400.jpg 494w, https:\/\/redseavoy.com\/wp-content\/uploads\/2024\/11\/wycieczki_w_hurghada-768x622.jpg 768w, https:\/\/redseavoy.com\/wp-content\/uploads\/2024\/11\/wycieczki_w_hurghada-15x12.jpg 15w, https:\/\/redseavoy.com\/wp-content\/uploads\/2024\/11\/wycieczki_w_hurghada-600x486.jpg 600w, https:\/\/redseavoy.com\/wp-content\/uploads\/2024\/11\/wycieczki_w_hurghada.jpg 960w\" data-sizes=\"(max-width: 494px) 100vw, 494px\" title=\"\" src=\"data:image\/gif;base64,R0lGODlhAQABAAAAACH5BAEKAAEALAAAAAABAAEAAAICTAEAOw==\" style=\"--smush-placeholder-width: 494px; --smush-placeholder-aspect-ratio: 494\/400;\"><noscript><img decoding=\"async\" width=\"494\" height=\"400\" src=\"https:\/\/redseavoy.com\/wp-content\/uploads\/2024\/11\/wycieczki_w_hurghada-494x400.jpg\" class=\"e-link-in-bio__identity-image-element\" alt=\"\" srcset=\"https:\/\/redseavoy.com\/wp-content\/uploads\/2024\/11\/wycieczki_w_hurghada-494x400.jpg 494w, https:\/\/redseavoy.com\/wp-content\/uploads\/2024\/11\/wycieczki_w_hurghada-768x622.jpg 768w, https:\/\/redseavoy.com\/wp-content\/uploads\/2024\/11\/wycieczki_w_hurghada-15x12.jpg 15w, https:\/\/redseavoy.com\/wp-content\/uploads\/2024\/11\/wycieczki_w_hurghada-600x486.jpg 600w, https:\/\/redseavoy.com\/wp-content\/uploads\/2024\/11\/wycieczki_w_hurghada.jpg 960w\" sizes=\"(max-width: 494px) 100vw, 494px\" title=\"\"><\/noscript>\t\t\t\t\t\t\t\t\t\t\t\t\t<\/div>\n\t\t\t\t\t\t\t\t\t\t\t<div class=\"e-link-in-bio__identity-image e-link-in-bio__identity-image-profile has-style-circle\">\n\t\t\t\t\t\t\t<img decoding=\"async\" width=\"400\" height=\"400\" data-src=\"https:\/\/redseavoy.com\/wp-content\/uploads\/2024\/11\/france_flag-400x400.png\" class=\"e-link-in-bio__identity-image-element lazyload\" alt=\"france_flag\" data-srcset=\"https:\/\/redseavoy.com\/wp-content\/uploads\/2024\/11\/france_flag-400x400.png 400w, https:\/\/redseavoy.com\/wp-content\/uploads\/2024\/11\/france_flag-280x280.png 280w, https:\/\/redseavoy.com\/wp-content\/uploads\/2024\/11\/france_flag-12x12.png 12w, https:\/\/redseavoy.com\/wp-content\/uploads\/2024\/11\/france_flag-300x300.png 300w, https:\/\/redseavoy.com\/wp-content\/uploads\/2024\/11\/france_flag-100x100.png 100w, https:\/\/redseavoy.com\/wp-content\/uploads\/2024\/11\/france_flag.png 500w\" data-sizes=\"(max-width: 400px) 100vw, 400px\" title=\"\" src=\"data:image\/gif;base64,R0lGODlhAQABAAAAACH5BAEKAAEALAAAAAABAAEAAAICTAEAOw==\" style=\"--smush-placeholder-width: 400px; --smush-placeholder-aspect-ratio: 400\/400;\"><noscript><img loading=\"lazy\" decoding=\"async\" width=\"400\" height=\"400\" src=\"https:\/\/redseavoy.com\/wp-content\/uploads\/2024\/11\/france_flag-400x400.png\" class=\"e-link-in-bio__identity-image-element\" alt=\"france_flag\" srcset=\"https:\/\/redseavoy.com\/wp-content\/uploads\/2024\/11\/france_flag-400x400.png 400w, https:\/\/redseavoy.com\/wp-content\/uploads\/2024\/11\/france_flag-280x280.png 280w, https:\/\/redseavoy.com\/wp-content\/uploads\/2024\/11\/france_flag-12x12.png 12w, https:\/\/redseavoy.com\/wp-content\/uploads\/2024\/11\/france_flag-300x300.png 300w, https:\/\/redseavoy.com\/wp-content\/uploads\/2024\/11\/france_flag-100x100.png 100w, https:\/\/redseavoy.com\/wp-content\/uploads\/2024\/11\/france_flag.png 500w\" sizes=\"(max-width: 400px) 100vw, 400px\" title=\"\"><\/noscript>\t\t\t\t\t\t\t\t\t\t\t\t\t<\/div>\n\t\t\t\t\t\t\t<\/div>\n\t\t\t\t\t<div class=\"e-link-in-bio__bio\">\n\t\t\t\t<h2 class=\"e-link-in-bio__heading\">Tours \u00e0 Hurghada<\/h2>\t\t\t\t\t\t\t\t\t\t\t\t\t\t\t<\/div>\n\t\t\t\t\t<div class=\"e-link-in-bio__icons has-size-small\">\n\t\t\t\t\t\t\t<div class=\"e-link-in-bio__icon is-size-small\">\n\t\t\t\t\t<a href=\"https:\/\/www.facebook.com\/profile.php?id=61568281077345&#038;mibextid=LQQJ4d\" target=\"_blank\" rel=\"noopener \" aria-label=\"Facebook\" class=\"e-link-in-bio__icon-link\">\n\t\t\t\t\t\t<span class=\"e-link-in-bio__icon-svg\">\n\t\t\t\t\t\t\t<svg aria-hidden=\"true\" class=\"e-font-icon-svg e-fab-facebook\" viewbox=\"0 0 512 512\" xmlns=\"http:\/\/www.w3.org\/2000\/svg\"><path d=\"M504 256C504 119 393 8 256 8S8 119 8 256c0 123.78 90.69 226.38 209.25 245V327.69h-63V256h63v-54.64c0-62.15 37-96.48 93.67-96.48 27.14 0 55.52 4.84 55.52 4.84v61h-31.28c-30.8 0-40.41 19.12-40.41 38.73V256h68.78l-11 71.69h-57.78V501C413.31 482.38 504 379.78 504 256z\"><\/path><\/svg>\t\t\t\t\t\t<\/span>\n\t\t\t\t\t\t\t\t\t\t\t\t\t<span class=\"e-link-in-bio__icon-label\">\n\t\t\t\t\t\t\t\tFacebook\t\t\t\t\t\t\t<\/span>\n\t\t\t\t\t\t\t\t\t\t\t<\/a>\n\t\t\t\t<\/div>\n\t\t\t\t\t<\/div>\n\t\t\n\t\t<div class=\"e-link-in-bio__ctas has-type-button\">\n\t\t\t\t\t\t\t<a href=\"https:\/\/www.facebook.com\/profile.php?id=61568281077345&#038;mibextid=LQQJ4d\" target=\"_blank\" rel=\"noopener \" class=\"e-link-in-bio__cta is-type-button has-corners-round\">\n\t\t\t\t\t\t\t\t\t\t<span class=\"e-link-in-bio__cta-text\">\n\t\t\t\t\t\tVoir le profil\t\t\t\t\t<\/span>\n\t\t\t\t<\/a>\n\t\t\t\t\t<\/div>\n\t\t\t\t\t<div class=\"e-link-in-bio__bio e-link-in-bio__bio--footer\">\n\t\t\t\t\t\t\t\t<p class=\"e-link-in-bio__description\">Activit\u00e9s et visites inoubliables \u00e0 Hurghada<\/p>\t\t\t<\/div>\n\t\t\t\n\t\t\t<\/div>\n\t\t\t<div class=\"e-link-in-bio__bg\">\n\t\t\t\t<div class=\"e-link-in-bio__bg-overlay\"><\/div>\n\t\t\t<\/div>\n\t\t<\/div>\n\t\t\t\t\t\t<\/div>\n\t\t\t\t<\/div>\n\t\t\t\t<div class=\"elementor-element elementor-element-30e918b elementor-widget elementor-widget-link-in-bio-var-7\" data-id=\"30e918b\" data-element_type=\"widget\" data-widget_type=\"link-in-bio-var-7.default\">\n\t\t\t\t<div class=\"elementor-widget-container\">\n\t\t\t\t\t\t\t<div class=\"e-link-in-bio e-link-in-bio-var-7\">\n\t\t\t<div class=\"e-link-in-bio__content\">\n\n\t\t\t\t\t\t<div class=\"e-link-in-bio__identity\">\n\t\t\t\t\t\t\t\t\t<div class=\"e-link-in-bio__identity-image e-link-in-bio__identity-image-cover\">\n\t\t\t\t\t\t\t<img decoding=\"async\" width=\"400\" height=\"400\" data-src=\"https:\/\/redseavoy.com\/wp-content\/uploads\/2024\/11\/Hurghada-Turak-400x400.jpg\" class=\"e-link-in-bio__identity-image-element lazyload\" alt=\"\" data-srcset=\"https:\/\/redseavoy.com\/wp-content\/uploads\/2024\/11\/Hurghada-Turak-400x400.jpg 400w, https:\/\/redseavoy.com\/wp-content\/uploads\/2024\/11\/Hurghada-Turak-800x800.jpg 800w, https:\/\/redseavoy.com\/wp-content\/uploads\/2024\/11\/Hurghada-Turak-280x280.jpg 280w, https:\/\/redseavoy.com\/wp-content\/uploads\/2024\/11\/Hurghada-Turak-768x768.jpg 768w, https:\/\/redseavoy.com\/wp-content\/uploads\/2024\/11\/Hurghada-Turak-12x12.jpg 12w, https:\/\/redseavoy.com\/wp-content\/uploads\/2024\/11\/Hurghada-Turak-300x300.jpg 300w, https:\/\/redseavoy.com\/wp-content\/uploads\/2024\/11\/Hurghada-Turak-600x600.jpg 600w, https:\/\/redseavoy.com\/wp-content\/uploads\/2024\/11\/Hurghada-Turak-100x100.jpg 100w, https:\/\/redseavoy.com\/wp-content\/uploads\/2024\/11\/Hurghada-Turak.jpg 960w\" data-sizes=\"(max-width: 400px) 100vw, 400px\" title=\"\" src=\"data:image\/gif;base64,R0lGODlhAQABAAAAACH5BAEKAAEALAAAAAABAAEAAAICTAEAOw==\" style=\"--smush-placeholder-width: 400px; --smush-placeholder-aspect-ratio: 400\/400;\"><noscript><img loading=\"lazy\" decoding=\"async\" width=\"400\" height=\"400\" src=\"https:\/\/redseavoy.com\/wp-content\/uploads\/2024\/11\/Hurghada-Turak-400x400.jpg\" class=\"e-link-in-bio__identity-image-element\" alt=\"\" srcset=\"https:\/\/redseavoy.com\/wp-content\/uploads\/2024\/11\/Hurghada-Turak-400x400.jpg 400w, https:\/\/redseavoy.com\/wp-content\/uploads\/2024\/11\/Hurghada-Turak-800x800.jpg 800w, https:\/\/redseavoy.com\/wp-content\/uploads\/2024\/11\/Hurghada-Turak-280x280.jpg 280w, https:\/\/redseavoy.com\/wp-content\/uploads\/2024\/11\/Hurghada-Turak-768x768.jpg 768w, https:\/\/redseavoy.com\/wp-content\/uploads\/2024\/11\/Hurghada-Turak-12x12.jpg 12w, https:\/\/redseavoy.com\/wp-content\/uploads\/2024\/11\/Hurghada-Turak-300x300.jpg 300w, https:\/\/redseavoy.com\/wp-content\/uploads\/2024\/11\/Hurghada-Turak-600x600.jpg 600w, https:\/\/redseavoy.com\/wp-content\/uploads\/2024\/11\/Hurghada-Turak-100x100.jpg 100w, https:\/\/redseavoy.com\/wp-content\/uploads\/2024\/11\/Hurghada-Turak.jpg 960w\" sizes=\"(max-width: 400px) 100vw, 400px\" title=\"\"><\/noscript>\t\t\t\t\t\t\t\t\t\t\t\t\t<\/div>\n\t\t\t\t\t\t\t\t\t\t\t<div class=\"e-link-in-bio__identity-image e-link-in-bio__identity-image-profile has-style-circle\">\n\t\t\t\t\t\t\t<img decoding=\"async\" width=\"400\" height=\"400\" data-src=\"https:\/\/redseavoy.com\/wp-content\/uploads\/2024\/11\/Romania_fla-400x400.png\" class=\"e-link-in-bio__identity-image-element lazyload\" alt=\"Romania_flag\" data-srcset=\"https:\/\/redseavoy.com\/wp-content\/uploads\/2024\/11\/Romania_fla-400x400.png 400w, https:\/\/redseavoy.com\/wp-content\/uploads\/2024\/11\/Romania_fla-280x280.png 280w, https:\/\/redseavoy.com\/wp-content\/uploads\/2024\/11\/Romania_fla-12x12.png 12w, https:\/\/redseavoy.com\/wp-content\/uploads\/2024\/11\/Romania_fla-300x300.png 300w, https:\/\/redseavoy.com\/wp-content\/uploads\/2024\/11\/Romania_fla-100x100.png 100w, https:\/\/redseavoy.com\/wp-content\/uploads\/2024\/11\/Romania_fla.png 500w\" data-sizes=\"(max-width: 400px) 100vw, 400px\" title=\"\" src=\"data:image\/gif;base64,R0lGODlhAQABAAAAACH5BAEKAAEALAAAAAABAAEAAAICTAEAOw==\" style=\"--smush-placeholder-width: 400px; --smush-placeholder-aspect-ratio: 400\/400;\"><noscript><img loading=\"lazy\" decoding=\"async\" width=\"400\" height=\"400\" src=\"https:\/\/redseavoy.com\/wp-content\/uploads\/2024\/11\/Romania_fla-400x400.png\" class=\"e-link-in-bio__identity-image-element\" alt=\"Romania_flag\" srcset=\"https:\/\/redseavoy.com\/wp-content\/uploads\/2024\/11\/Romania_fla-400x400.png 400w, https:\/\/redseavoy.com\/wp-content\/uploads\/2024\/11\/Romania_fla-280x280.png 280w, https:\/\/redseavoy.com\/wp-content\/uploads\/2024\/11\/Romania_fla-12x12.png 12w, https:\/\/redseavoy.com\/wp-content\/uploads\/2024\/11\/Romania_fla-300x300.png 300w, https:\/\/redseavoy.com\/wp-content\/uploads\/2024\/11\/Romania_fla-100x100.png 100w, https:\/\/redseavoy.com\/wp-content\/uploads\/2024\/11\/Romania_fla.png 500w\" sizes=\"(max-width: 400px) 100vw, 400px\" title=\"\"><\/noscript>\t\t\t\t\t\t\t\t\t\t\t\t\t<\/div>\n\t\t\t\t\t\t\t<\/div>\n\t\t\t\t\t<div class=\"e-link-in-bio__bio\">\n\t\t\t\t<h2 class=\"e-link-in-bio__heading\">Hurghada excursii <\/h2>\t\t\t\t\t\t\t\t\t\t\t\t\t\t\t<\/div>\n\t\t\t\t\t<div class=\"e-link-in-bio__icons has-size-small\">\n\t\t\t\t\t\t\t<div class=\"e-link-in-bio__icon is-size-small\">\n\t\t\t\t\t<a href=\"https:\/\/www.facebook.com\/profile.php?id=61568148963038&#038;mibextid=LQQJ4d\" target=\"_blank\" rel=\"noopener \" aria-label=\"Facebook\" class=\"e-link-in-bio__icon-link\">\n\t\t\t\t\t\t<span class=\"e-link-in-bio__icon-svg\">\n\t\t\t\t\t\t\t<svg aria-hidden=\"true\" class=\"e-font-icon-svg e-fab-facebook\" viewbox=\"0 0 512 512\" xmlns=\"http:\/\/www.w3.org\/2000\/svg\"><path d=\"M504 256C504 119 393 8 256 8S8 119 8 256c0 123.78 90.69 226.38 209.25 245V327.69h-63V256h63v-54.64c0-62.15 37-96.48 93.67-96.48 27.14 0 55.52 4.84 55.52 4.84v61h-31.28c-30.8 0-40.41 19.12-40.41 38.73V256h68.78l-11 71.69h-57.78V501C413.31 482.38 504 379.78 504 256z\"><\/path><\/svg>\t\t\t\t\t\t<\/span>\n\t\t\t\t\t\t\t\t\t\t\t\t\t<span class=\"e-link-in-bio__icon-label\">\n\t\t\t\t\t\t\t\tFacebook\t\t\t\t\t\t\t<\/span>\n\t\t\t\t\t\t\t\t\t\t\t<\/a>\n\t\t\t\t<\/div>\n\t\t\t\t\t<\/div>\n\t\t\n\t\t<div class=\"e-link-in-bio__ctas has-type-button\">\n\t\t\t\t\t\t\t<a href=\"https:\/\/www.facebook.com\/profile.php?id=61568148963038&#038;mibextid=LQQJ4d\" target=\"_blank\" rel=\"noopener \" class=\"e-link-in-bio__cta is-type-button has-corners-round\">\n\t\t\t\t\t\t\t\t\t\t<span class=\"e-link-in-bio__cta-text\">\n\t\t\t\t\t\tVezi profilul\t\t\t\t\t<\/span>\n\t\t\t\t<\/a>\n\t\t\t\t\t<\/div>\n\t\t\t\t\t<div class=\"e-link-in-bio__bio e-link-in-bio__bio--footer\">\n\t\t\t\t\t\t\t\t<p class=\"e-link-in-bio__description\">Tururi \u0219i activit\u0103\u021bi de neuitat \u00een Hurghada<\/p>\t\t\t<\/div>\n\t\t\t\n\t\t\t<\/div>\n\t\t\t<div class=\"e-link-in-bio__bg\">\n\t\t\t\t<div class=\"e-link-in-bio__bg-overlay\"><\/div>\n\t\t\t<\/div>\n\t\t<\/div>\n\t\t\t\t\t\t<\/div>\n\t\t\t\t<\/div>\n\t\t\t\t\t<\/div>\n\t\t\t\t<\/div>\n\t\t<div class=\"elementor-element elementor-element-8232d45 e-flex e-con-boxed e-con e-parent\" data-id=\"8232d45\" data-element_type=\"container\">\n\t\t\t\t\t<div class=\"e-con-inner\">\n\t\t\t\t<div class=\"elementor-element elementor-element-e54968c elementor-button-info elementor-align-center elementor-widget elementor-widget-button\" data-id=\"e54968c\" data-element_type=\"widget\" data-widget_type=\"button.default\">\n\t\t\t\t<div class=\"elementor-widget-container\">\n\t\t\t\t\t\t\t\t\t<div class=\"elementor-button-wrapper\">\n\t\t\t\t\t<a class=\"elementor-button elementor-button-link elementor-size-sm\" href=\"https:\/\/redseavoy.com\/ro\/toate-tururile\/\">\n\t\t\t\t\t\t<span class=\"elementor-button-content-wrapper\">\n\t\t\t\t\t\t<span class=\"elementor-button-icon\">\n\t\t\t\t<svg aria-hidden=\"true\" class=\"e-font-icon-svg e-far-arrow-alt-circle-left\" viewbox=\"0 0 512 512\" xmlns=\"http:\/\/www.w3.org\/2000\/svg\"><path d=\"M8 256c0 137 111 248 248 248s248-111 248-248S393 8 256 8 8 119 8 256zm448 0c0 110.5-89.5 200-200 200S56 366.5 56 256 145.5 56 256 56s200 89.5 200 200zm-72-20v40c0 6.6-5.4 12-12 12H256v67c0 10.7-12.9 16-20.5 8.5l-99-99c-4.7-4.7-4.7-12.3 0-17l99-99c7.6-7.6 20.5-2.2 20.5 8.5v67h116c6.6 0 12 5.4 12 12z\"><\/path><\/svg>\t\t\t<\/span>\n\t\t\t\t\t\t\t\t\t<span class=\"elementor-button-text\">\u00cenapoi<\/span>\n\t\t\t\t\t<\/span>\n\t\t\t\t\t<\/a>\n\t\t\t\t<\/div>\n\t\t\t\t\t\t\t\t<\/div>\n\t\t\t\t<\/div>\n\t\t\t\t\t<\/div>\n\t\t\t\t<\/div>\n\t\t\t\t<\/div>","protected":false},"excerpt":{"rendered":"<p>select your preferred language to view our Facebook profile Hurghadas beste touren Facebook Profil ansehen Unvergessliche Hurghada Touren und Aktivit\u00e4ten Tours \u00e0 Hurghada Facebook Voir le profil Activit\u00e9s et visites inoubliables \u00e0 Hurghada Hurghada excursii Facebook Vezi profilul Tururi \u0219i activit\u0103\u021bi de neuitat \u00een Hurghada Back<\/p>","protected":false},"author":1,"featured_media":0,"parent":0,"menu_order":0,"comment_status":"closed","ping_status":"closed","template":"elementor_header_footer","meta":{"footnotes":""},"class_list":["post-2300","page","type-page","status-publish","hentry"],"_links":{"self":[{"href":"https:\/\/redseavoy.com\/ro\/wp-json\/wp\/v2\/pages\/2300","targetHints":{"allow":["GET"]}}],"collection":[{"href":"https:\/\/redseavoy.com\/ro\/wp-json\/wp\/v2\/pages"}],"about":[{"href":"https:\/\/redseavoy.com\/ro\/wp-json\/wp\/v2\/types\/page"}],"author":[{"embeddable":true,"href":"https:\/\/redseavoy.com\/ro\/wp-json\/wp\/v2\/users\/1"}],"replies":[{"embeddable":true,"href":"https:\/\/redseavoy.com\/ro\/wp-json\/wp\/v2\/comments?post=2300"}],"version-history":[{"count":31,"href":"https:\/\/redseavoy.com\/ro\/wp-json\/wp\/v2\/pages\/2300\/revisions"}],"predecessor-version":[{"id":2393,"href":"https:\/\/redseavoy.com\/ro\/wp-json\/wp\/v2\/pages\/2300\/revisions\/2393"}],"wp:attachment":[{"href":"https:\/\/redseavoy.com\/ro\/wp-json\/wp\/v2\/media?parent=2300"}],"curies":[{"name":"wp","href":"https:\/\/api.w.org\/{rel}","templated":true}]}}