{"id":2299,"date":"2024-11-03T05:56:10","date_gmt":"2024-11-03T05:56:10","guid":{"rendered":"https:\/\/redseavoy.com\/?page_id=2299"},"modified":"2025-03-15T11:31:22","modified_gmt":"2025-03-15T11:31:22","slug":"instagram","status":"publish","type":"page","link":"https:\/\/redseavoy.com\/de\/instagram\/","title":{"rendered":"Instagram"},"content":{"rendered":"<div data-elementor-type=\"wp-page\" data-elementor-id=\"2299\" class=\"elementor elementor-2299\" data-elementor-post-type=\"page\">\n\t\t\t\t<div class=\"elementor-element elementor-element-58d05470 e-flex e-con-boxed e-con e-parent\" data-id=\"58d05470\" data-element_type=\"container\">\n\t\t\t\t\t<div class=\"e-con-inner\">\n\t\t\t\t<div class=\"elementor-element elementor-element-390b387a elementor-widget elementor-widget-text-editor\" data-id=\"390b387a\" data-element_type=\"widget\" data-widget_type=\"text-editor.default\">\n\t\t\t\t<div class=\"elementor-widget-container\">\n\t\t\t\t\t\t\t\t\t\t\t\t\t\t\t\t\t<\/div>\n\t\t\t\t<\/div>\n\t\t\t\t\t<\/div>\n\t\t\t\t<\/div>\n\t\t<div class=\"elementor-element elementor-element-acc6ceb e-flex e-con-boxed e-con e-parent\" data-id=\"acc6ceb\" data-element_type=\"container\">\n\t\t\t\t\t<div class=\"e-con-inner\">\n\t\t\t\t<div class=\"elementor-element elementor-element-e146a31 elementor-headline--style-highlight elementor-widget elementor-widget-animated-headline\" data-id=\"e146a31\" data-element_type=\"widget\" data-settings=\"{&quot;highlighted_text&quot;:&quot; language&quot;,&quot;headline_style&quot;:&quot;highlight&quot;,&quot;marker&quot;:&quot;circle&quot;,&quot;loop&quot;:&quot;yes&quot;,&quot;highlight_animation_duration&quot;:1200,&quot;highlight_iteration_delay&quot;:8000}\" data-widget_type=\"animated-headline.default\">\n\t\t\t\t<div class=\"elementor-widget-container\">\n\t\t\t\t\t\t\t<h3 class=\"elementor-headline\">\n\t\t\t\t\t<span class=\"elementor-headline-plain-text elementor-headline-text-wrapper\">W\u00e4hlen Sie Ihre bevorzugte <\/span>\n\t\t\t\t<span class=\"elementor-headline-dynamic-wrapper elementor-headline-text-wrapper\">\n\t\t\t\t\t<span class=\"elementor-headline-dynamic-text elementor-headline-text-active\"> Sprache<\/span>\n\t\t\t\t<\/span>\n\t\t\t\t\t<span class=\"elementor-headline-plain-text elementor-headline-text-wrapper\">um unser Instagram-Profil zu sehen<\/span>\n\t\t\t\t\t<\/h3>\n\t\t\t\t\t\t<\/div>\n\t\t\t\t<\/div>\n\t\t\t\t\t<\/div>\n\t\t\t\t<\/div>\n\t\t<div class=\"elementor-element elementor-element-9d02338 e-grid e-con-boxed e-con e-parent\" data-id=\"9d02338\" data-element_type=\"container\">\n\t\t\t\t\t<div class=\"e-con-inner\">\n\t\t\t\t<div class=\"elementor-element elementor-element-64d6d88 elementor-widget elementor-widget-link-in-bio-var-7\" data-id=\"64d6d88\" data-element_type=\"widget\" data-widget_type=\"link-in-bio-var-7.default\">\n\t\t\t\t<div class=\"elementor-widget-container\">\n\t\t\t\t\t\t\t<div class=\"e-link-in-bio e-link-in-bio-var-7\">\n\t\t\t<div class=\"e-link-in-bio__content\">\n\n\t\t\t\t\t\t<div class=\"e-link-in-bio__identity\">\n\t\t\t\t\t\t\t\t\t<div class=\"e-link-in-bio__identity-image e-link-in-bio__identity-image-cover\">\n\t\t\t\t\t\t\t<img fetchpriority=\"high\" decoding=\"async\" width=\"800\" height=\"400\" src=\"https:\/\/redseavoy.com\/wp-content\/uploads\/2024\/11\/Hurghada-vylety-800x400.jpg\" class=\"e-link-in-bio__identity-image-element\" alt=\"\" srcset=\"https:\/\/redseavoy.com\/wp-content\/uploads\/2024\/11\/Hurghada-vylety-800x400.jpg 800w, https:\/\/redseavoy.com\/wp-content\/uploads\/2024\/11\/Hurghada-vylety-768x383.jpg 768w, https:\/\/redseavoy.com\/wp-content\/uploads\/2024\/11\/Hurghada-vylety-18x9.jpg 18w, https:\/\/redseavoy.com\/wp-content\/uploads\/2024\/11\/Hurghada-vylety-600x299.jpg 600w, https:\/\/redseavoy.com\/wp-content\/uploads\/2024\/11\/Hurghada-vylety.jpg 960w\" sizes=\"(max-width: 800px) 100vw, 800px\" title=\"\">\t\t\t\t\t\t\t\t\t\t\t\t\t<\/div>\n\t\t\t\t\t\t\t\t\t\t\t<div class=\"e-link-in-bio__identity-image e-link-in-bio__identity-image-profile has-style-circle\">\n\t\t\t\t\t\t\t<img decoding=\"async\" width=\"400\" height=\"400\" data-src=\"https:\/\/redseavoy.com\/wp-content\/uploads\/2024\/11\/German_flag-400x400.png\" class=\"e-link-in-bio__identity-image-element lazyload\" alt=\"German_flag\" data-srcset=\"https:\/\/redseavoy.com\/wp-content\/uploads\/2024\/11\/German_flag-400x400.png 400w, https:\/\/redseavoy.com\/wp-content\/uploads\/2024\/11\/German_flag-280x280.png 280w, https:\/\/redseavoy.com\/wp-content\/uploads\/2024\/11\/German_flag-12x12.png 12w, https:\/\/redseavoy.com\/wp-content\/uploads\/2024\/11\/German_flag-300x300.png 300w, https:\/\/redseavoy.com\/wp-content\/uploads\/2024\/11\/German_flag-100x100.png 100w, https:\/\/redseavoy.com\/wp-content\/uploads\/2024\/11\/German_flag.png 500w\" data-sizes=\"(max-width: 400px) 100vw, 400px\" title=\"\" src=\"data:image\/gif;base64,R0lGODlhAQABAAAAACH5BAEKAAEALAAAAAABAAEAAAICTAEAOw==\" style=\"--smush-placeholder-width: 400px; --smush-placeholder-aspect-ratio: 400\/400;\"><noscript><img decoding=\"async\" width=\"400\" height=\"400\" src=\"https:\/\/redseavoy.com\/wp-content\/uploads\/2024\/11\/German_flag-400x400.png\" class=\"e-link-in-bio__identity-image-element\" alt=\"German_flag\" srcset=\"https:\/\/redseavoy.com\/wp-content\/uploads\/2024\/11\/German_flag-400x400.png 400w, https:\/\/redseavoy.com\/wp-content\/uploads\/2024\/11\/German_flag-280x280.png 280w, https:\/\/redseavoy.com\/wp-content\/uploads\/2024\/11\/German_flag-12x12.png 12w, https:\/\/redseavoy.com\/wp-content\/uploads\/2024\/11\/German_flag-300x300.png 300w, https:\/\/redseavoy.com\/wp-content\/uploads\/2024\/11\/German_flag-100x100.png 100w, https:\/\/redseavoy.com\/wp-content\/uploads\/2024\/11\/German_flag.png 500w\" sizes=\"(max-width: 400px) 100vw, 400px\" title=\"\"><\/noscript>\t\t\t\t\t\t\t\t\t\t\t\t\t<\/div>\n\t\t\t\t\t\t\t<\/div>\n\t\t\t\t\t<div class=\"e-link-in-bio__bio\">\n\t\t\t\t<h2 class=\"e-link-in-bio__heading\">Hurghadas beste touren<\/h2>\t\t\t\t\t\t\t\t\t\t\t\t\t\t\t<\/div>\n\t\t\t\t\t<div class=\"e-link-in-bio__icons has-size-small\">\n\t\t\t\t\t\t\t<div class=\"e-link-in-bio__icon is-size-small\">\n\t\t\t\t\t<a href=\"https:\/\/www.instagram.com\/hurghadas_beste_touren?igsh=ZDM0a250N2F0NXNz&#038;utm_source=qr\" target=\"_blank\" rel=\"noopener \" aria-label=\"Instagram\" class=\"e-link-in-bio__icon-link\">\n\t\t\t\t\t\t<span class=\"e-link-in-bio__icon-svg\">\n\t\t\t\t\t\t\t<svg aria-hidden=\"true\" class=\"e-font-icon-svg e-fab-instagram\" viewbox=\"0 0 448 512\" xmlns=\"http:\/\/www.w3.org\/2000\/svg\"><path d=\"M224.1 141c-63.6 0-114.9 51.3-114.9 114.9s51.3 114.9 114.9 114.9S339 319.5 339 255.9 287.7 141 224.1 141zm0 189.6c-41.1 0-74.7-33.5-74.7-74.7s33.5-74.7 74.7-74.7 74.7 33.5 74.7 74.7-33.6 74.7-74.7 74.7zm146.4-194.3c0 14.9-12 26.8-26.8 26.8-14.9 0-26.8-12-26.8-26.8s12-26.8 26.8-26.8 26.8 12 26.8 26.8zm76.1 27.2c-1.7-35.9-9.9-67.7-36.2-93.9-26.2-26.2-58-34.4-93.9-36.2-37-2.1-147.9-2.1-184.9 0-35.8 1.7-67.6 9.9-93.9 36.1s-34.4 58-36.2 93.9c-2.1 37-2.1 147.9 0 184.9 1.7 35.9 9.9 67.7 36.2 93.9s58 34.4 93.9 36.2c37 2.1 147.9 2.1 184.9 0 35.9-1.7 67.7-9.9 93.9-36.2 26.2-26.2 34.4-58 36.2-93.9 2.1-37 2.1-147.8 0-184.8zM398.8 388c-7.8 19.6-22.9 34.7-42.6 42.6-29.5 11.7-99.5 9-132.1 9s-102.7 2.6-132.1-9c-19.6-7.8-34.7-22.9-42.6-42.6-11.7-29.5-9-99.5-9-132.1s-2.6-102.7 9-132.1c7.8-19.6 22.9-34.7 42.6-42.6 29.5-11.7 99.5-9 132.1-9s102.7-2.6 132.1 9c19.6 7.8 34.7 22.9 42.6 42.6 11.7 29.5 9 99.5 9 132.1s2.7 102.7-9 132.1z\"><\/path><\/svg>\t\t\t\t\t\t<\/span>\n\t\t\t\t\t\t\t\t\t\t\t\t\t<span class=\"e-link-in-bio__icon-label\">\n\t\t\t\t\t\t\t\tInstagram\t\t\t\t\t\t\t<\/span>\n\t\t\t\t\t\t\t\t\t\t\t<\/a>\n\t\t\t\t<\/div>\n\t\t\t\t\t<\/div>\n\t\t\n\t\t<div class=\"e-link-in-bio__ctas has-type-button\">\n\t\t\t\t\t\t\t<a href=\"https:\/\/www.instagram.com\/hurghada_beste_touren?igsh=MWFrYzQzbTBoZnNhaA==\" target=\"_blank\" rel=\"noopener \" class=\"e-link-in-bio__cta is-type-button has-corners-round\">\n\t\t\t\t\t\t\t\t\t\t<span class=\"e-link-in-bio__cta-text\">\n\t\t\t\t\t\tProfil ansehen\t\t\t\t\t<\/span>\n\t\t\t\t<\/a>\n\t\t\t\t\t<\/div>\n\t\t\t\t\t<div class=\"e-link-in-bio__bio e-link-in-bio__bio--footer\">\n\t\t\t\t\t\t\t\t<p class=\"e-link-in-bio__description\">Unvergessliche Hurghada Touren und Aktivit\u00e4ten<\/p>\t\t\t<\/div>\n\t\t\t\n\t\t\t<\/div>\n\t\t\t<div class=\"e-link-in-bio__bg\">\n\t\t\t\t<div class=\"e-link-in-bio__bg-overlay\"><\/div>\n\t\t\t<\/div>\n\t\t<\/div>\n\t\t\t\t\t\t<\/div>\n\t\t\t\t<\/div>\n\t\t\t\t<div class=\"elementor-element elementor-element-5ff5374 elementor-widget elementor-widget-link-in-bio-var-7\" data-id=\"5ff5374\" data-element_type=\"widget\" data-widget_type=\"link-in-bio-var-7.default\">\n\t\t\t\t<div class=\"elementor-widget-container\">\n\t\t\t\t\t\t\t<div class=\"e-link-in-bio e-link-in-bio-var-7\">\n\t\t\t<div class=\"e-link-in-bio__content\">\n\n\t\t\t\t\t\t<div class=\"e-link-in-bio__identity\">\n\t\t\t\t\t\t\t\t\t<div class=\"e-link-in-bio__identity-image e-link-in-bio__identity-image-cover\">\n\t\t\t\t\t\t\t<img decoding=\"async\" width=\"494\" height=\"400\" data-src=\"https:\/\/redseavoy.com\/wp-content\/uploads\/2024\/11\/wycieczki_w_hurghada-494x400.jpg\" class=\"e-link-in-bio__identity-image-element lazyload\" alt=\"\" data-srcset=\"https:\/\/redseavoy.com\/wp-content\/uploads\/2024\/11\/wycieczki_w_hurghada-494x400.jpg 494w, https:\/\/redseavoy.com\/wp-content\/uploads\/2024\/11\/wycieczki_w_hurghada-768x622.jpg 768w, https:\/\/redseavoy.com\/wp-content\/uploads\/2024\/11\/wycieczki_w_hurghada-15x12.jpg 15w, https:\/\/redseavoy.com\/wp-content\/uploads\/2024\/11\/wycieczki_w_hurghada-600x486.jpg 600w, https:\/\/redseavoy.com\/wp-content\/uploads\/2024\/11\/wycieczki_w_hurghada.jpg 960w\" data-sizes=\"(max-width: 494px) 100vw, 494px\" title=\"\" src=\"data:image\/gif;base64,R0lGODlhAQABAAAAACH5BAEKAAEALAAAAAABAAEAAAICTAEAOw==\" style=\"--smush-placeholder-width: 494px; --smush-placeholder-aspect-ratio: 494\/400;\"><noscript><img decoding=\"async\" width=\"494\" height=\"400\" src=\"https:\/\/redseavoy.com\/wp-content\/uploads\/2024\/11\/wycieczki_w_hurghada-494x400.jpg\" class=\"e-link-in-bio__identity-image-element\" alt=\"\" srcset=\"https:\/\/redseavoy.com\/wp-content\/uploads\/2024\/11\/wycieczki_w_hurghada-494x400.jpg 494w, https:\/\/redseavoy.com\/wp-content\/uploads\/2024\/11\/wycieczki_w_hurghada-768x622.jpg 768w, https:\/\/redseavoy.com\/wp-content\/uploads\/2024\/11\/wycieczki_w_hurghada-15x12.jpg 15w, https:\/\/redseavoy.com\/wp-content\/uploads\/2024\/11\/wycieczki_w_hurghada-600x486.jpg 600w, https:\/\/redseavoy.com\/wp-content\/uploads\/2024\/11\/wycieczki_w_hurghada.jpg 960w\" sizes=\"(max-width: 494px) 100vw, 494px\" title=\"\"><\/noscript>\t\t\t\t\t\t\t\t\t\t\t\t\t<\/div>\n\t\t\t\t\t\t\t\t\t\t\t<div class=\"e-link-in-bio__identity-image e-link-in-bio__identity-image-profile has-style-circle\">\n\t\t\t\t\t\t\t<img decoding=\"async\" width=\"400\" height=\"400\" data-src=\"https:\/\/redseavoy.com\/wp-content\/uploads\/2024\/11\/france_flag-400x400.png\" class=\"e-link-in-bio__identity-image-element lazyload\" alt=\"france_flag\" data-srcset=\"https:\/\/redseavoy.com\/wp-content\/uploads\/2024\/11\/france_flag-400x400.png 400w, https:\/\/redseavoy.com\/wp-content\/uploads\/2024\/11\/france_flag-280x280.png 280w, https:\/\/redseavoy.com\/wp-content\/uploads\/2024\/11\/france_flag-12x12.png 12w, https:\/\/redseavoy.com\/wp-content\/uploads\/2024\/11\/france_flag-300x300.png 300w, https:\/\/redseavoy.com\/wp-content\/uploads\/2024\/11\/france_flag-100x100.png 100w, https:\/\/redseavoy.com\/wp-content\/uploads\/2024\/11\/france_flag.png 500w\" data-sizes=\"(max-width: 400px) 100vw, 400px\" title=\"\" src=\"data:image\/gif;base64,R0lGODlhAQABAAAAACH5BAEKAAEALAAAAAABAAEAAAICTAEAOw==\" style=\"--smush-placeholder-width: 400px; --smush-placeholder-aspect-ratio: 400\/400;\"><noscript><img loading=\"lazy\" decoding=\"async\" width=\"400\" height=\"400\" src=\"https:\/\/redseavoy.com\/wp-content\/uploads\/2024\/11\/france_flag-400x400.png\" class=\"e-link-in-bio__identity-image-element\" alt=\"france_flag\" srcset=\"https:\/\/redseavoy.com\/wp-content\/uploads\/2024\/11\/france_flag-400x400.png 400w, https:\/\/redseavoy.com\/wp-content\/uploads\/2024\/11\/france_flag-280x280.png 280w, https:\/\/redseavoy.com\/wp-content\/uploads\/2024\/11\/france_flag-12x12.png 12w, https:\/\/redseavoy.com\/wp-content\/uploads\/2024\/11\/france_flag-300x300.png 300w, https:\/\/redseavoy.com\/wp-content\/uploads\/2024\/11\/france_flag-100x100.png 100w, https:\/\/redseavoy.com\/wp-content\/uploads\/2024\/11\/france_flag.png 500w\" sizes=\"(max-width: 400px) 100vw, 400px\" title=\"\"><\/noscript>\t\t\t\t\t\t\t\t\t\t\t\t\t<\/div>\n\t\t\t\t\t\t\t<\/div>\n\t\t\t\t\t<div class=\"e-link-in-bio__bio\">\n\t\t\t\t<h2 class=\"e-link-in-bio__heading\">Tours \u00e0 Hurghada<\/h2>\t\t\t\t\t\t\t\t\t\t\t\t\t\t\t<\/div>\n\t\t\t\t\t<div class=\"e-link-in-bio__icons has-size-small\">\n\t\t\t\t\t\t\t<div class=\"e-link-in-bio__icon is-size-small\">\n\t\t\t\t\t<a href=\"https:\/\/www.instagram.com\/tours_a_hurghada?igsh=MWZ0cW0zNmM0cWpxNA%3D%3D&#038;utm_source=qr\" target=\"_blank\" rel=\"noopener \" aria-label=\"Instagram\" class=\"e-link-in-bio__icon-link\">\n\t\t\t\t\t\t<span class=\"e-link-in-bio__icon-svg\">\n\t\t\t\t\t\t\t<svg aria-hidden=\"true\" class=\"e-font-icon-svg e-fab-instagram\" viewbox=\"0 0 448 512\" xmlns=\"http:\/\/www.w3.org\/2000\/svg\"><path d=\"M224.1 141c-63.6 0-114.9 51.3-114.9 114.9s51.3 114.9 114.9 114.9S339 319.5 339 255.9 287.7 141 224.1 141zm0 189.6c-41.1 0-74.7-33.5-74.7-74.7s33.5-74.7 74.7-74.7 74.7 33.5 74.7 74.7-33.6 74.7-74.7 74.7zm146.4-194.3c0 14.9-12 26.8-26.8 26.8-14.9 0-26.8-12-26.8-26.8s12-26.8 26.8-26.8 26.8 12 26.8 26.8zm76.1 27.2c-1.7-35.9-9.9-67.7-36.2-93.9-26.2-26.2-58-34.4-93.9-36.2-37-2.1-147.9-2.1-184.9 0-35.8 1.7-67.6 9.9-93.9 36.1s-34.4 58-36.2 93.9c-2.1 37-2.1 147.9 0 184.9 1.7 35.9 9.9 67.7 36.2 93.9s58 34.4 93.9 36.2c37 2.1 147.9 2.1 184.9 0 35.9-1.7 67.7-9.9 93.9-36.2 26.2-26.2 34.4-58 36.2-93.9 2.1-37 2.1-147.8 0-184.8zM398.8 388c-7.8 19.6-22.9 34.7-42.6 42.6-29.5 11.7-99.5 9-132.1 9s-102.7 2.6-132.1-9c-19.6-7.8-34.7-22.9-42.6-42.6-11.7-29.5-9-99.5-9-132.1s-2.6-102.7 9-132.1c7.8-19.6 22.9-34.7 42.6-42.6 29.5-11.7 99.5-9 132.1-9s102.7-2.6 132.1 9c19.6 7.8 34.7 22.9 42.6 42.6 11.7 29.5 9 99.5 9 132.1s2.7 102.7-9 132.1z\"><\/path><\/svg>\t\t\t\t\t\t<\/span>\n\t\t\t\t\t\t\t\t\t\t\t\t\t<span class=\"e-link-in-bio__icon-label\">\n\t\t\t\t\t\t\t\tInstagram\t\t\t\t\t\t\t<\/span>\n\t\t\t\t\t\t\t\t\t\t\t<\/a>\n\t\t\t\t<\/div>\n\t\t\t\t\t<\/div>\n\t\t\n\t\t<div class=\"e-link-in-bio__ctas has-type-button\">\n\t\t\t\t\t\t\t<a href=\"https:\/\/www.instagram.com\/tours_a_hurghada?igsh=MWZ0cW0zNmM0cWpxNA%3D%3D&#038;utm_source=qr\" target=\"_blank\" rel=\"noopener \" class=\"e-link-in-bio__cta is-type-button has-corners-round\">\n\t\t\t\t\t\t\t\t\t\t<span class=\"e-link-in-bio__cta-text\">\n\t\t\t\t\t\tVoir le profil\t\t\t\t\t<\/span>\n\t\t\t\t<\/a>\n\t\t\t\t\t<\/div>\n\t\t\t\t\t<div class=\"e-link-in-bio__bio e-link-in-bio__bio--footer\">\n\t\t\t\t\t\t\t\t<p class=\"e-link-in-bio__description\">Activit\u00e9s et visites inoubliables \u00e0 Hurghada<\/p>\t\t\t<\/div>\n\t\t\t\n\t\t\t<\/div>\n\t\t\t<div class=\"e-link-in-bio__bg\">\n\t\t\t\t<div class=\"e-link-in-bio__bg-overlay\"><\/div>\n\t\t\t<\/div>\n\t\t<\/div>\n\t\t\t\t\t\t<\/div>\n\t\t\t\t<\/div>\n\t\t\t\t<div class=\"elementor-element elementor-element-2ffd9c2 elementor-widget elementor-widget-link-in-bio-var-7\" data-id=\"2ffd9c2\" data-element_type=\"widget\" data-widget_type=\"link-in-bio-var-7.default\">\n\t\t\t\t<div class=\"elementor-widget-container\">\n\t\t\t\t\t\t\t<div class=\"e-link-in-bio e-link-in-bio-var-7\">\n\t\t\t<div class=\"e-link-in-bio__content\">\n\n\t\t\t\t\t\t<div class=\"e-link-in-bio__identity\">\n\t\t\t\t\t\t\t\t\t<div class=\"e-link-in-bio__identity-image e-link-in-bio__identity-image-cover\">\n\t\t\t\t\t\t\t<img decoding=\"async\" width=\"400\" height=\"400\" data-src=\"https:\/\/redseavoy.com\/wp-content\/uploads\/2024\/11\/Hurghada-Turak-400x400.jpg\" class=\"e-link-in-bio__identity-image-element lazyload\" alt=\"\" data-srcset=\"https:\/\/redseavoy.com\/wp-content\/uploads\/2024\/11\/Hurghada-Turak-400x400.jpg 400w, https:\/\/redseavoy.com\/wp-content\/uploads\/2024\/11\/Hurghada-Turak-800x800.jpg 800w, https:\/\/redseavoy.com\/wp-content\/uploads\/2024\/11\/Hurghada-Turak-280x280.jpg 280w, https:\/\/redseavoy.com\/wp-content\/uploads\/2024\/11\/Hurghada-Turak-768x768.jpg 768w, https:\/\/redseavoy.com\/wp-content\/uploads\/2024\/11\/Hurghada-Turak-12x12.jpg 12w, https:\/\/redseavoy.com\/wp-content\/uploads\/2024\/11\/Hurghada-Turak-300x300.jpg 300w, https:\/\/redseavoy.com\/wp-content\/uploads\/2024\/11\/Hurghada-Turak-600x600.jpg 600w, https:\/\/redseavoy.com\/wp-content\/uploads\/2024\/11\/Hurghada-Turak-100x100.jpg 100w, https:\/\/redseavoy.com\/wp-content\/uploads\/2024\/11\/Hurghada-Turak.jpg 960w\" data-sizes=\"(max-width: 400px) 100vw, 400px\" title=\"\" src=\"data:image\/gif;base64,R0lGODlhAQABAAAAACH5BAEKAAEALAAAAAABAAEAAAICTAEAOw==\" style=\"--smush-placeholder-width: 400px; --smush-placeholder-aspect-ratio: 400\/400;\"><noscript><img loading=\"lazy\" decoding=\"async\" width=\"400\" height=\"400\" src=\"https:\/\/redseavoy.com\/wp-content\/uploads\/2024\/11\/Hurghada-Turak-400x400.jpg\" class=\"e-link-in-bio__identity-image-element\" alt=\"\" srcset=\"https:\/\/redseavoy.com\/wp-content\/uploads\/2024\/11\/Hurghada-Turak-400x400.jpg 400w, https:\/\/redseavoy.com\/wp-content\/uploads\/2024\/11\/Hurghada-Turak-800x800.jpg 800w, https:\/\/redseavoy.com\/wp-content\/uploads\/2024\/11\/Hurghada-Turak-280x280.jpg 280w, https:\/\/redseavoy.com\/wp-content\/uploads\/2024\/11\/Hurghada-Turak-768x768.jpg 768w, https:\/\/redseavoy.com\/wp-content\/uploads\/2024\/11\/Hurghada-Turak-12x12.jpg 12w, https:\/\/redseavoy.com\/wp-content\/uploads\/2024\/11\/Hurghada-Turak-300x300.jpg 300w, https:\/\/redseavoy.com\/wp-content\/uploads\/2024\/11\/Hurghada-Turak-600x600.jpg 600w, https:\/\/redseavoy.com\/wp-content\/uploads\/2024\/11\/Hurghada-Turak-100x100.jpg 100w, https:\/\/redseavoy.com\/wp-content\/uploads\/2024\/11\/Hurghada-Turak.jpg 960w\" sizes=\"(max-width: 400px) 100vw, 400px\" title=\"\"><\/noscript>\t\t\t\t\t\t\t\t\t\t\t\t\t<\/div>\n\t\t\t\t\t\t\t\t\t\t\t<div class=\"e-link-in-bio__identity-image e-link-in-bio__identity-image-profile has-style-circle\">\n\t\t\t\t\t\t\t<img decoding=\"async\" width=\"400\" height=\"400\" data-src=\"https:\/\/redseavoy.com\/wp-content\/uploads\/2024\/11\/Romania_fla-400x400.png\" class=\"e-link-in-bio__identity-image-element lazyload\" alt=\"Romania_flag\" data-srcset=\"https:\/\/redseavoy.com\/wp-content\/uploads\/2024\/11\/Romania_fla-400x400.png 400w, https:\/\/redseavoy.com\/wp-content\/uploads\/2024\/11\/Romania_fla-280x280.png 280w, https:\/\/redseavoy.com\/wp-content\/uploads\/2024\/11\/Romania_fla-12x12.png 12w, https:\/\/redseavoy.com\/wp-content\/uploads\/2024\/11\/Romania_fla-300x300.png 300w, https:\/\/redseavoy.com\/wp-content\/uploads\/2024\/11\/Romania_fla-100x100.png 100w, https:\/\/redseavoy.com\/wp-content\/uploads\/2024\/11\/Romania_fla.png 500w\" data-sizes=\"(max-width: 400px) 100vw, 400px\" title=\"\" src=\"data:image\/gif;base64,R0lGODlhAQABAAAAACH5BAEKAAEALAAAAAABAAEAAAICTAEAOw==\" style=\"--smush-placeholder-width: 400px; --smush-placeholder-aspect-ratio: 400\/400;\"><noscript><img loading=\"lazy\" decoding=\"async\" width=\"400\" height=\"400\" src=\"https:\/\/redseavoy.com\/wp-content\/uploads\/2024\/11\/Romania_fla-400x400.png\" class=\"e-link-in-bio__identity-image-element\" alt=\"Romania_flag\" srcset=\"https:\/\/redseavoy.com\/wp-content\/uploads\/2024\/11\/Romania_fla-400x400.png 400w, https:\/\/redseavoy.com\/wp-content\/uploads\/2024\/11\/Romania_fla-280x280.png 280w, https:\/\/redseavoy.com\/wp-content\/uploads\/2024\/11\/Romania_fla-12x12.png 12w, https:\/\/redseavoy.com\/wp-content\/uploads\/2024\/11\/Romania_fla-300x300.png 300w, https:\/\/redseavoy.com\/wp-content\/uploads\/2024\/11\/Romania_fla-100x100.png 100w, https:\/\/redseavoy.com\/wp-content\/uploads\/2024\/11\/Romania_fla.png 500w\" sizes=\"(max-width: 400px) 100vw, 400px\" title=\"\"><\/noscript>\t\t\t\t\t\t\t\t\t\t\t\t\t<\/div>\n\t\t\t\t\t\t\t<\/div>\n\t\t\t\t\t<div class=\"e-link-in-bio__bio\">\n\t\t\t\t<h2 class=\"e-link-in-bio__heading\">Hurghada excursii <\/h2>\t\t\t\t\t\t\t\t\t\t\t\t\t\t\t<\/div>\n\t\t\t\t\t<div class=\"e-link-in-bio__icons has-size-small\">\n\t\t\t\t\t\t\t<div class=\"e-link-in-bio__icon is-size-small\">\n\t\t\t\t\t<a href=\"https:\/\/www.instagram.com\/hurghada_excursii?igsh=MXg0ZnJtOWxuMGIycQ%3D%3D&#038;utm_source=qr\" target=\"_blank\" rel=\"noopener \" aria-label=\"Instagram\" class=\"e-link-in-bio__icon-link\">\n\t\t\t\t\t\t<span class=\"e-link-in-bio__icon-svg\">\n\t\t\t\t\t\t\t<svg aria-hidden=\"true\" class=\"e-font-icon-svg e-fab-instagram\" viewbox=\"0 0 448 512\" xmlns=\"http:\/\/www.w3.org\/2000\/svg\"><path d=\"M224.1 141c-63.6 0-114.9 51.3-114.9 114.9s51.3 114.9 114.9 114.9S339 319.5 339 255.9 287.7 141 224.1 141zm0 189.6c-41.1 0-74.7-33.5-74.7-74.7s33.5-74.7 74.7-74.7 74.7 33.5 74.7 74.7-33.6 74.7-74.7 74.7zm146.4-194.3c0 14.9-12 26.8-26.8 26.8-14.9 0-26.8-12-26.8-26.8s12-26.8 26.8-26.8 26.8 12 26.8 26.8zm76.1 27.2c-1.7-35.9-9.9-67.7-36.2-93.9-26.2-26.2-58-34.4-93.9-36.2-37-2.1-147.9-2.1-184.9 0-35.8 1.7-67.6 9.9-93.9 36.1s-34.4 58-36.2 93.9c-2.1 37-2.1 147.9 0 184.9 1.7 35.9 9.9 67.7 36.2 93.9s58 34.4 93.9 36.2c37 2.1 147.9 2.1 184.9 0 35.9-1.7 67.7-9.9 93.9-36.2 26.2-26.2 34.4-58 36.2-93.9 2.1-37 2.1-147.8 0-184.8zM398.8 388c-7.8 19.6-22.9 34.7-42.6 42.6-29.5 11.7-99.5 9-132.1 9s-102.7 2.6-132.1-9c-19.6-7.8-34.7-22.9-42.6-42.6-11.7-29.5-9-99.5-9-132.1s-2.6-102.7 9-132.1c7.8-19.6 22.9-34.7 42.6-42.6 29.5-11.7 99.5-9 132.1-9s102.7-2.6 132.1 9c19.6 7.8 34.7 22.9 42.6 42.6 11.7 29.5 9 99.5 9 132.1s2.7 102.7-9 132.1z\"><\/path><\/svg>\t\t\t\t\t\t<\/span>\n\t\t\t\t\t\t\t\t\t\t\t\t\t<span class=\"e-link-in-bio__icon-label\">\n\t\t\t\t\t\t\t\tInstagram\t\t\t\t\t\t\t<\/span>\n\t\t\t\t\t\t\t\t\t\t\t<\/a>\n\t\t\t\t<\/div>\n\t\t\t\t\t<\/div>\n\t\t\n\t\t<div class=\"e-link-in-bio__ctas has-type-button\">\n\t\t\t\t\t\t\t<a href=\"https:\/\/www.instagram.com\/hurghada_excursii?igsh=MXg0ZnJtOWxuMGIycQ%3D%3D&#038;utm_source=qr\" target=\"_blank\" rel=\"noopener \" class=\"e-link-in-bio__cta is-type-button has-corners-round\">\n\t\t\t\t\t\t\t\t\t\t<span class=\"e-link-in-bio__cta-text\">\n\t\t\t\t\t\tVezi profilul\t\t\t\t\t<\/span>\n\t\t\t\t<\/a>\n\t\t\t\t\t<\/div>\n\t\t\t\t\t<div class=\"e-link-in-bio__bio e-link-in-bio__bio--footer\">\n\t\t\t\t\t\t\t\t<p class=\"e-link-in-bio__description\">Tururi \u0219i activit\u0103\u021bi de neuitat \u00een Hurghada<\/p>\t\t\t<\/div>\n\t\t\t\n\t\t\t<\/div>\n\t\t\t<div class=\"e-link-in-bio__bg\">\n\t\t\t\t<div class=\"e-link-in-bio__bg-overlay\"><\/div>\n\t\t\t<\/div>\n\t\t<\/div>\n\t\t\t\t\t\t<\/div>\n\t\t\t\t<\/div>\n\t\t\t\t\t<\/div>\n\t\t\t\t<\/div>\n\t\t<div class=\"elementor-element elementor-element-fb218fc e-flex e-con-boxed e-con e-parent\" data-id=\"fb218fc\" data-element_type=\"container\">\n\t\t\t\t\t<div class=\"e-con-inner\">\n\t\t\t\t<div class=\"elementor-element elementor-element-406bf88 elementor-button-info elementor-align-center elementor-widget elementor-widget-button\" data-id=\"406bf88\" data-element_type=\"widget\" data-widget_type=\"button.default\">\n\t\t\t\t<div class=\"elementor-widget-container\">\n\t\t\t\t\t\t\t\t\t<div class=\"elementor-button-wrapper\">\n\t\t\t\t\t<a class=\"elementor-button elementor-button-link elementor-size-sm\" href=\"https:\/\/redseavoy.com\/de\/alle-touren\/\">\n\t\t\t\t\t\t<span class=\"elementor-button-content-wrapper\">\n\t\t\t\t\t\t<span class=\"elementor-button-icon\">\n\t\t\t\t<svg aria-hidden=\"true\" class=\"e-font-icon-svg e-far-arrow-alt-circle-left\" viewbox=\"0 0 512 512\" xmlns=\"http:\/\/www.w3.org\/2000\/svg\"><path d=\"M8 256c0 137 111 248 248 248s248-111 248-248S393 8 256 8 8 119 8 256zm448 0c0 110.5-89.5 200-200 200S56 366.5 56 256 145.5 56 256 56s200 89.5 200 200zm-72-20v40c0 6.6-5.4 12-12 12H256v67c0 10.7-12.9 16-20.5 8.5l-99-99c-4.7-4.7-4.7-12.3 0-17l99-99c7.6-7.6 20.5-2.2 20.5 8.5v67h116c6.6 0 12 5.4 12 12z\"><\/path><\/svg>\t\t\t<\/span>\n\t\t\t\t\t\t\t\t\t<span class=\"elementor-button-text\">Zur\u00fcck<\/span>\n\t\t\t\t\t<\/span>\n\t\t\t\t\t<\/a>\n\t\t\t\t<\/div>\n\t\t\t\t\t\t\t\t<\/div>\n\t\t\t\t<\/div>\n\t\t\t\t\t<\/div>\n\t\t\t\t<\/div>\n\t\t\t\t<\/div>","protected":false},"excerpt":{"rendered":"<p>select your preferred language to view our Instagram profile Hurghadas beste touren Instagram Profil ansehen Unvergessliche Hurghada Touren und Aktivit\u00e4ten Tours \u00e0 Hurghada Instagram Voir le profil Activit\u00e9s et visites inoubliables \u00e0 Hurghada Hurghada excursii Instagram Vezi profilul Tururi \u0219i activit\u0103\u021bi de neuitat \u00een Hurghada Back<\/p>","protected":false},"author":1,"featured_media":0,"parent":0,"menu_order":0,"comment_status":"closed","ping_status":"closed","template":"elementor_header_footer","meta":{"footnotes":""},"class_list":["post-2299","page","type-page","status-publish","hentry"],"_links":{"self":[{"href":"https:\/\/redseavoy.com\/de\/wp-json\/wp\/v2\/pages\/2299","targetHints":{"allow":["GET"]}}],"collection":[{"href":"https:\/\/redseavoy.com\/de\/wp-json\/wp\/v2\/pages"}],"about":[{"href":"https:\/\/redseavoy.com\/de\/wp-json\/wp\/v2\/types\/page"}],"author":[{"embeddable":true,"href":"https:\/\/redseavoy.com\/de\/wp-json\/wp\/v2\/users\/1"}],"replies":[{"embeddable":true,"href":"https:\/\/redseavoy.com\/de\/wp-json\/wp\/v2\/comments?post=2299"}],"version-history":[{"count":31,"href":"https:\/\/redseavoy.com\/de\/wp-json\/wp\/v2\/pages\/2299\/revisions"}],"predecessor-version":[{"id":2785,"href":"https:\/\/redseavoy.com\/de\/wp-json\/wp\/v2\/pages\/2299\/revisions\/2785"}],"wp:attachment":[{"href":"https:\/\/redseavoy.com\/de\/wp-json\/wp\/v2\/media?parent=2299"}],"curies":[{"name":"wp","href":"https:\/\/api.w.org\/{rel}","templated":true}]}}